{"id":235,"date":"2021-03-16T18:53:01","date_gmt":"2021-03-16T21:53:01","guid":{"rendered":"https:\/\/www.direscopio.com.br\/trio-quintina\/?post_type=product&#038;p=235"},"modified":"2021-04-22T08:40:39","modified_gmt":"2021-04-22T11:40:39","slug":"para-dias-de-chuva","status":"publish","type":"product","link":"https:\/\/trioquintina.com.br\/en\/product\/para-dias-de-chuva\/","title":{"rendered":"CD P\u00e1ra-dias de Chuva"},"content":{"rendered":"<p>Em seu quarto cd independente, P\u00e1ra-dias de chuva, o Trio Quintina encontra, enfim, o equil\u00edbrio perfeito entre os dois estilos que o tornaram conhecido: a MPB e o pop. Ao mesmo tempo, o neologismo &#8220;p\u00e1ra-dias&#8221; (em vez de, simplesmente, &#8220;para dias&#8221;) aponta para um conjunto de can\u00e7\u00f5es que \u00e9 antes um ant\u00eddoto ao c\u00e9u tantas vezes cinza de Curitiba do que propriamente uma trilha sonora para tardes melanc\u00f3licas. Trio Quintina tem o seu estilo pr\u00f3prio, afinal, talvez inclassific\u00e1vel, mas por isso mesmo, um dos mais originais nas cenas local e nacional.<\/p>","protected":false},"excerpt":{"rendered":"<div>Aproveite as PROMO\u00c7\u00d5ES DE LAN\u00c7AMENTO:<\/div>\n<div><\/div>\n<div>PROMO1 : NA COMPRA DE 1 CD ou DVD de R$ 15,00 ganha um envelope\u00a0 surpresa<\/div>\n<div><\/div>\n<div>PROMO2 : NA COMPRA DE 2\u00a0 CDs ou DVDs de R$ 15,00 ganha um outro CD\u00a0 ou DVD simples \u00e0 sua escolha<\/div>\n<div>*Ao finalizar sua compra informe no campo NOTA DO PEDIDO o nome do CD ou DVD escolhido.<\/div>\n<div><\/div>\n<div>PROMO3: NA COMPRA DE 1 produto de 35,00 + 1 CD ou DVD de R$ 15,00\u00a0 ganha um outro CD ou DVD simples \u00e0 sua escolha<\/div>\n<div>*Ao finalizar sua compra informe no campo NOTA DO PEDIDO o nome do CD ou DVD escolhido.<\/div>","protected":false},"featured_media":933,"template":"","meta":{"_acf_changed":false},"product_brand":[],"product_cat":[23],"product_tag":[],"class_list":{"0":"post-235","1":"product","2":"type-product","3":"status-publish","4":"has-post-thumbnail","6":"product_cat-cd","8":"first","9":"instock","10":"taxable","11":"shipping-taxable","12":"purchasable","13":"product-type-simple"},"acf":[],"yoast_head":"<!-- This site is optimized with the Yoast SEO plugin v27.4 - https:\/\/yoast.com\/product\/yoast-seo-wordpress\/ -->\n<title>CD P\u00e1ra-dias de Chuva - Trio Quintina Oficial<\/title>\n<meta name=\"robots\" content=\"index, follow, max-snippet:-1, max-image-preview:large, max-video-preview:-1\" \/>\n<link rel=\"canonical\" href=\"https:\/\/trioquintina.com.br\/en\/product\/para-dias-de-chuva\/\" \/>\n<meta property=\"og:locale\" content=\"en_US\" \/>\n<meta property=\"og:type\" content=\"article\" \/>\n<meta property=\"og:title\" content=\"CD P\u00e1ra-dias de Chuva - Trio Quintina Oficial\" \/>\n<meta property=\"og:description\" content=\"Aproveite as PROMO\u00c7\u00d5ES DE LAN\u00c7AMENTO:  PROMO1 : NA COMPRA DE 1 CD ou DVD de R$ 15,00 ganha um envelope\u00a0 surpresa  PROMO2 : NA COMPRA DE 2\u00a0 CDs ou DVDs de R$ 15,00 ganha um outro CD\u00a0 ou DVD simples \u00e0 sua escolha *Ao finalizar sua compra informe no campo NOTA DO PEDIDO o nome do CD ou DVD escolhido.  PROMO3: NA COMPRA DE 1 produto de 35,00 + 1 CD ou DVD de R$ 15,00\u00a0 ganha um outro CD ou DVD simples \u00e0 sua escolha *Ao finalizar sua compra informe no campo NOTA DO PEDIDO o nome do CD ou DVD escolhido.\" \/>\n<meta property=\"og:url\" content=\"https:\/\/trioquintina.com.br\/en\/product\/para-dias-de-chuva\/\" \/>\n<meta property=\"og:site_name\" content=\"Trio Quintina Oficial\" \/>\n<meta property=\"article:modified_time\" content=\"2021-04-22T11:40:39+00:00\" \/>\n<meta property=\"og:image\" content=\"https:\/\/trioquintina.com.br\/wp-content\/uploads\/2021\/03\/CD-ParaDiasDeChuva.jpg\" \/>\n\t<meta property=\"og:image:width\" content=\"1457\" \/>\n\t<meta property=\"og:image:height\" content=\"1440\" \/>\n\t<meta property=\"og:image:type\" content=\"image\/jpeg\" \/>\n<meta name=\"twitter:card\" content=\"summary_large_image\" \/>\n<script type=\"application\/ld+json\" class=\"yoast-schema-graph\">{\"@context\":\"https:\\\/\\\/schema.org\",\"@graph\":[{\"@type\":\"WebPage\",\"@id\":\"https:\\\/\\\/trioquintina.com.br\\\/produto\\\/para-dias-de-chuva\\\/\",\"url\":\"https:\\\/\\\/trioquintina.com.br\\\/produto\\\/para-dias-de-chuva\\\/\",\"name\":\"CD P\u00e1ra-dias de Chuva - Trio Quintina Oficial\",\"isPartOf\":{\"@id\":\"https:\\\/\\\/trioquintina.com.br\\\/#website\"},\"primaryImageOfPage\":{\"@id\":\"https:\\\/\\\/trioquintina.com.br\\\/produto\\\/para-dias-de-chuva\\\/#primaryimage\"},\"image\":{\"@id\":\"https:\\\/\\\/trioquintina.com.br\\\/produto\\\/para-dias-de-chuva\\\/#primaryimage\"},\"thumbnailUrl\":\"https:\\\/\\\/trioquintina.com.br\\\/wp-content\\\/uploads\\\/2021\\\/03\\\/CD-ParaDiasDeChuva.jpg\",\"datePublished\":\"2021-03-16T21:53:01+00:00\",\"dateModified\":\"2021-04-22T11:40:39+00:00\",\"breadcrumb\":{\"@id\":\"https:\\\/\\\/trioquintina.com.br\\\/produto\\\/para-dias-de-chuva\\\/#breadcrumb\"},\"inLanguage\":\"en-US\",\"potentialAction\":[{\"@type\":\"ReadAction\",\"target\":[\"https:\\\/\\\/trioquintina.com.br\\\/produto\\\/para-dias-de-chuva\\\/\"]}]},{\"@type\":\"ImageObject\",\"inLanguage\":\"en-US\",\"@id\":\"https:\\\/\\\/trioquintina.com.br\\\/produto\\\/para-dias-de-chuva\\\/#primaryimage\",\"url\":\"https:\\\/\\\/trioquintina.com.br\\\/wp-content\\\/uploads\\\/2021\\\/03\\\/CD-ParaDiasDeChuva.jpg\",\"contentUrl\":\"https:\\\/\\\/trioquintina.com.br\\\/wp-content\\\/uploads\\\/2021\\\/03\\\/CD-ParaDiasDeChuva.jpg\",\"width\":1457,\"height\":1440},{\"@type\":\"BreadcrumbList\",\"@id\":\"https:\\\/\\\/trioquintina.com.br\\\/produto\\\/para-dias-de-chuva\\\/#breadcrumb\",\"itemListElement\":[{\"@type\":\"ListItem\",\"position\":1,\"name\":\"In\u00edcio\",\"item\":\"https:\\\/\\\/trioquintina.com.br\\\/\"},{\"@type\":\"ListItem\",\"position\":2,\"name\":\"Loja\",\"item\":\"https:\\\/\\\/trioquintina.com.br\\\/loja\\\/\"},{\"@type\":\"ListItem\",\"position\":3,\"name\":\"CD P\u00e1ra-dias de Chuva\"}]},{\"@type\":\"WebSite\",\"@id\":\"https:\\\/\\\/trioquintina.com.br\\\/#website\",\"url\":\"https:\\\/\\\/trioquintina.com.br\\\/\",\"name\":\"Trio Quintina Oficial\",\"description\":\"\",\"potentialAction\":[{\"@type\":\"SearchAction\",\"target\":{\"@type\":\"EntryPoint\",\"urlTemplate\":\"https:\\\/\\\/trioquintina.com.br\\\/?s={search_term_string}\"},\"query-input\":{\"@type\":\"PropertyValueSpecification\",\"valueRequired\":true,\"valueName\":\"search_term_string\"}}],\"inLanguage\":\"en-US\"}]}<\/script>\n<!-- \/ Yoast SEO plugin. -->","yoast_head_json":{"title":"CD P\u00e1ra-dias de Chuva - Trio Quintina Oficial","robots":{"index":"index","follow":"follow","max-snippet":"max-snippet:-1","max-image-preview":"max-image-preview:large","max-video-preview":"max-video-preview:-1"},"canonical":"https:\/\/trioquintina.com.br\/en\/product\/para-dias-de-chuva\/","og_locale":"en_US","og_type":"article","og_title":"CD P\u00e1ra-dias de Chuva - Trio Quintina Oficial","og_description":"Aproveite as PROMO\u00c7\u00d5ES DE LAN\u00c7AMENTO:  PROMO1 : NA COMPRA DE 1 CD ou DVD de R$ 15,00 ganha um envelope\u00a0 surpresa  PROMO2 : NA COMPRA DE 2\u00a0 CDs ou DVDs de R$ 15,00 ganha um outro CD\u00a0 ou DVD simples \u00e0 sua escolha *Ao finalizar sua compra informe no campo NOTA DO PEDIDO o nome do CD ou DVD escolhido.  PROMO3: NA COMPRA DE 1 produto de 35,00 + 1 CD ou DVD de R$ 15,00\u00a0 ganha um outro CD ou DVD simples \u00e0 sua escolha *Ao finalizar sua compra informe no campo NOTA DO PEDIDO o nome do CD ou DVD escolhido.","og_url":"https:\/\/trioquintina.com.br\/en\/product\/para-dias-de-chuva\/","og_site_name":"Trio Quintina Oficial","article_modified_time":"2021-04-22T11:40:39+00:00","og_image":[{"width":1457,"height":1440,"url":"https:\/\/trioquintina.com.br\/wp-content\/uploads\/2021\/03\/CD-ParaDiasDeChuva.jpg","type":"image\/jpeg"}],"twitter_card":"summary_large_image","schema":{"@context":"https:\/\/schema.org","@graph":[{"@type":"WebPage","@id":"https:\/\/trioquintina.com.br\/produto\/para-dias-de-chuva\/","url":"https:\/\/trioquintina.com.br\/produto\/para-dias-de-chuva\/","name":"CD P\u00e1ra-dias de Chuva - Trio Quintina Oficial","isPartOf":{"@id":"https:\/\/trioquintina.com.br\/#website"},"primaryImageOfPage":{"@id":"https:\/\/trioquintina.com.br\/produto\/para-dias-de-chuva\/#primaryimage"},"image":{"@id":"https:\/\/trioquintina.com.br\/produto\/para-dias-de-chuva\/#primaryimage"},"thumbnailUrl":"https:\/\/trioquintina.com.br\/wp-content\/uploads\/2021\/03\/CD-ParaDiasDeChuva.jpg","datePublished":"2021-03-16T21:53:01+00:00","dateModified":"2021-04-22T11:40:39+00:00","breadcrumb":{"@id":"https:\/\/trioquintina.com.br\/produto\/para-dias-de-chuva\/#breadcrumb"},"inLanguage":"en-US","potentialAction":[{"@type":"ReadAction","target":["https:\/\/trioquintina.com.br\/produto\/para-dias-de-chuva\/"]}]},{"@type":"ImageObject","inLanguage":"en-US","@id":"https:\/\/trioquintina.com.br\/produto\/para-dias-de-chuva\/#primaryimage","url":"https:\/\/trioquintina.com.br\/wp-content\/uploads\/2021\/03\/CD-ParaDiasDeChuva.jpg","contentUrl":"https:\/\/trioquintina.com.br\/wp-content\/uploads\/2021\/03\/CD-ParaDiasDeChuva.jpg","width":1457,"height":1440},{"@type":"BreadcrumbList","@id":"https:\/\/trioquintina.com.br\/produto\/para-dias-de-chuva\/#breadcrumb","itemListElement":[{"@type":"ListItem","position":1,"name":"In\u00edcio","item":"https:\/\/trioquintina.com.br\/"},{"@type":"ListItem","position":2,"name":"Loja","item":"https:\/\/trioquintina.com.br\/loja\/"},{"@type":"ListItem","position":3,"name":"CD P\u00e1ra-dias de Chuva"}]},{"@type":"WebSite","@id":"https:\/\/trioquintina.com.br\/#website","url":"https:\/\/trioquintina.com.br\/","name":"Trio Quintina Oficial","description":"","potentialAction":[{"@type":"SearchAction","target":{"@type":"EntryPoint","urlTemplate":"https:\/\/trioquintina.com.br\/?s={search_term_string}"},"query-input":{"@type":"PropertyValueSpecification","valueRequired":true,"valueName":"search_term_string"}}],"inLanguage":"en-US"}]}},"_links":{"self":[{"href":"https:\/\/trioquintina.com.br\/en\/wp-json\/wp\/v2\/product\/235","targetHints":{"allow":["GET"]}}],"collection":[{"href":"https:\/\/trioquintina.com.br\/en\/wp-json\/wp\/v2\/product"}],"about":[{"href":"https:\/\/trioquintina.com.br\/en\/wp-json\/wp\/v2\/types\/product"}],"wp:featuredmedia":[{"embeddable":true,"href":"https:\/\/trioquintina.com.br\/en\/wp-json\/wp\/v2\/media\/933"}],"wp:attachment":[{"href":"https:\/\/trioquintina.com.br\/en\/wp-json\/wp\/v2\/media?parent=235"}],"wp:term":[{"taxonomy":"product_brand","embeddable":true,"href":"https:\/\/trioquintina.com.br\/en\/wp-json\/wp\/v2\/product_brand?post=235"},{"taxonomy":"product_cat","embeddable":true,"href":"https:\/\/trioquintina.com.br\/en\/wp-json\/wp\/v2\/product_cat?post=235"},{"taxonomy":"product_tag","embeddable":true,"href":"https:\/\/trioquintina.com.br\/en\/wp-json\/wp\/v2\/product_tag?post=235"}],"curies":[{"name":"wp","href":"https:\/\/api.w.org\/{rel}","templated":true}]}}