{"id":520,"date":"2021-03-17T13:23:42","date_gmt":"2021-03-17T16:23:42","guid":{"rendered":"https:\/\/trioquintina.com.br\/?post_type=product&#038;p=520"},"modified":"2021-04-07T01:49:37","modified_gmt":"2021-04-07T04:49:37","slug":"dvd-trio-quintina-orquestra","status":"publish","type":"product","link":"https:\/\/trioquintina.com.br\/en\/product\/dvd-trio-quintina-orquestra\/","title":{"rendered":"DVD Trio Quintina Orquestra &#8211; Ao Vivo"},"content":{"rendered":"<p>A est\u00e9tica deste projeto levou o trio a criar um termo para defini-lo como um novo estilo dentro da MPB, e tamb\u00e9m uma nova sigla muito sugestiva ? MBP `M\u00fasica Brasileira Progressiva`. Este nome se deve \u00e0 maneira \u00fanica que o Trio Quintina encontrou de mostrar em suas composi\u00e7\u00f5es e arranjos a riqueza dos ritmos brasileiros aprofundados em suas ra\u00edzes e as influ\u00eancias da m\u00fasica moderna, atrav\u00e9s da guitarra el\u00e9trica e da mistura dos ritmos populares com o rock. Este termo refere-se tamb\u00e9m \u00e0 valoriza\u00e7\u00e3o de solos e arranjos instrumentais dentro das can\u00e7\u00f5es.<\/p>","protected":false},"excerpt":{"rendered":"<div>\n<div>Aproveite as PROMO\u00c7\u00d5ES DE LAN\u00c7AMENTO<\/div>\n<div><\/div>\n<div>PROMO1 : NA COMPRA DE 1 CD ou DVD de R$ 15,00 ganha um envelope\u00a0 surpresa PROMO2 : NA COMPRA DE 2\u00a0 CDs ou DVDs de R$ 15,00 ganha um outro CD\u00a0 ou DVD simples \u00e0 sua escolha.<\/div>\n<div>*Ao finalizar sua compra informe no campo NOTA DO PEDIDO o nome do CD ou DVD escolhido.<\/div>\n<div>PROMO3: NA COMPRA DE 1 produto de 35,00 + 1 CD ou DVD de R$ 15,00\u00a0 ganha um outro CD ou DVD simples \u00e0 sua escolha.<\/div>\n<div>*Ao finalizar sua compra informe no campo NOTA DO PEDIDO o nome do CD ou DVD escolhido.<\/div>\n<\/div>","protected":false},"featured_media":928,"template":"","meta":{"_acf_changed":false},"product_brand":[],"product_cat":[22],"product_tag":[],"class_list":{"0":"post-520","1":"product","2":"type-product","3":"status-publish","4":"has-post-thumbnail","6":"product_cat-dvd","8":"first","9":"instock","10":"taxable","11":"shipping-taxable","12":"purchasable","13":"product-type-simple"},"acf":[],"yoast_head":"<!-- This site is optimized with the Yoast SEO plugin v27.4 - https:\/\/yoast.com\/product\/yoast-seo-wordpress\/ -->\n<title>DVD Trio Quintina Orquestra - Ao Vivo - Trio Quintina Oficial<\/title>\n<meta name=\"robots\" content=\"index, follow, max-snippet:-1, max-image-preview:large, max-video-preview:-1\" \/>\n<link rel=\"canonical\" href=\"https:\/\/trioquintina.com.br\/en\/product\/dvd-trio-quintina-orquestra\/\" \/>\n<meta property=\"og:locale\" content=\"en_US\" \/>\n<meta property=\"og:type\" content=\"article\" \/>\n<meta property=\"og:title\" content=\"DVD Trio Quintina Orquestra - Ao Vivo - Trio Quintina Oficial\" \/>\n<meta property=\"og:description\" content=\"Aproveite as PROMO\u00c7\u00d5ES DE LAN\u00c7AMENTO  PROMO1 : NA COMPRA DE 1 CD ou DVD de R$ 15,00 ganha um envelope\u00a0 surpresa PROMO2 : NA COMPRA DE 2\u00a0 CDs ou DVDs de R$ 15,00 ganha um outro CD\u00a0 ou DVD simples \u00e0 sua escolha. *Ao finalizar sua compra informe no campo NOTA DO PEDIDO o nome do CD ou DVD escolhido. PROMO3: NA COMPRA DE 1 produto de 35,00 + 1 CD ou DVD de R$ 15,00\u00a0 ganha um outro CD ou DVD simples \u00e0 sua escolha. *Ao finalizar sua compra informe no campo NOTA DO PEDIDO o nome do CD ou DVD escolhido.\" \/>\n<meta property=\"og:url\" content=\"https:\/\/trioquintina.com.br\/en\/product\/dvd-trio-quintina-orquestra\/\" \/>\n<meta property=\"og:site_name\" content=\"Trio Quintina Oficial\" \/>\n<meta property=\"article:modified_time\" content=\"2021-04-07T04:49:37+00:00\" \/>\n<meta property=\"og:image\" content=\"https:\/\/trioquintina.com.br\/wp-content\/uploads\/2021\/03\/DV-TrioOrquestra.jpg\" \/>\n\t<meta property=\"og:image:width\" content=\"1457\" \/>\n\t<meta property=\"og:image:height\" content=\"1440\" \/>\n\t<meta property=\"og:image:type\" content=\"image\/jpeg\" \/>\n<meta name=\"twitter:card\" content=\"summary_large_image\" \/>\n<meta name=\"twitter:label1\" content=\"Est. reading time\" \/>\n\t<meta name=\"twitter:data1\" content=\"1 minute\" \/>\n<script type=\"application\/ld+json\" class=\"yoast-schema-graph\">{\"@context\":\"https:\\\/\\\/schema.org\",\"@graph\":[{\"@type\":\"WebPage\",\"@id\":\"https:\\\/\\\/trioquintina.com.br\\\/produto\\\/dvd-trio-quintina-orquestra\\\/\",\"url\":\"https:\\\/\\\/trioquintina.com.br\\\/produto\\\/dvd-trio-quintina-orquestra\\\/\",\"name\":\"DVD Trio Quintina Orquestra - Ao Vivo - Trio Quintina Oficial\",\"isPartOf\":{\"@id\":\"https:\\\/\\\/trioquintina.com.br\\\/#website\"},\"primaryImageOfPage\":{\"@id\":\"https:\\\/\\\/trioquintina.com.br\\\/produto\\\/dvd-trio-quintina-orquestra\\\/#primaryimage\"},\"image\":{\"@id\":\"https:\\\/\\\/trioquintina.com.br\\\/produto\\\/dvd-trio-quintina-orquestra\\\/#primaryimage\"},\"thumbnailUrl\":\"https:\\\/\\\/trioquintina.com.br\\\/wp-content\\\/uploads\\\/2021\\\/03\\\/DV-TrioOrquestra.jpg\",\"datePublished\":\"2021-03-17T16:23:42+00:00\",\"dateModified\":\"2021-04-07T04:49:37+00:00\",\"breadcrumb\":{\"@id\":\"https:\\\/\\\/trioquintina.com.br\\\/produto\\\/dvd-trio-quintina-orquestra\\\/#breadcrumb\"},\"inLanguage\":\"en-US\",\"potentialAction\":[{\"@type\":\"ReadAction\",\"target\":[\"https:\\\/\\\/trioquintina.com.br\\\/produto\\\/dvd-trio-quintina-orquestra\\\/\"]}]},{\"@type\":\"ImageObject\",\"inLanguage\":\"en-US\",\"@id\":\"https:\\\/\\\/trioquintina.com.br\\\/produto\\\/dvd-trio-quintina-orquestra\\\/#primaryimage\",\"url\":\"https:\\\/\\\/trioquintina.com.br\\\/wp-content\\\/uploads\\\/2021\\\/03\\\/DV-TrioOrquestra.jpg\",\"contentUrl\":\"https:\\\/\\\/trioquintina.com.br\\\/wp-content\\\/uploads\\\/2021\\\/03\\\/DV-TrioOrquestra.jpg\",\"width\":1457,\"height\":1440},{\"@type\":\"BreadcrumbList\",\"@id\":\"https:\\\/\\\/trioquintina.com.br\\\/produto\\\/dvd-trio-quintina-orquestra\\\/#breadcrumb\",\"itemListElement\":[{\"@type\":\"ListItem\",\"position\":1,\"name\":\"In\u00edcio\",\"item\":\"https:\\\/\\\/trioquintina.com.br\\\/\"},{\"@type\":\"ListItem\",\"position\":2,\"name\":\"Loja\",\"item\":\"https:\\\/\\\/trioquintina.com.br\\\/loja\\\/\"},{\"@type\":\"ListItem\",\"position\":3,\"name\":\"DVD Trio Quintina Orquestra &#8211; Ao Vivo\"}]},{\"@type\":\"WebSite\",\"@id\":\"https:\\\/\\\/trioquintina.com.br\\\/#website\",\"url\":\"https:\\\/\\\/trioquintina.com.br\\\/\",\"name\":\"Trio Quintina Oficial\",\"description\":\"\",\"potentialAction\":[{\"@type\":\"SearchAction\",\"target\":{\"@type\":\"EntryPoint\",\"urlTemplate\":\"https:\\\/\\\/trioquintina.com.br\\\/?s={search_term_string}\"},\"query-input\":{\"@type\":\"PropertyValueSpecification\",\"valueRequired\":true,\"valueName\":\"search_term_string\"}}],\"inLanguage\":\"en-US\"}]}<\/script>\n<!-- \/ Yoast SEO plugin. -->","yoast_head_json":{"title":"DVD Trio Quintina Orquestra - Ao Vivo - Trio Quintina Oficial","robots":{"index":"index","follow":"follow","max-snippet":"max-snippet:-1","max-image-preview":"max-image-preview:large","max-video-preview":"max-video-preview:-1"},"canonical":"https:\/\/trioquintina.com.br\/en\/product\/dvd-trio-quintina-orquestra\/","og_locale":"en_US","og_type":"article","og_title":"DVD Trio Quintina Orquestra - Ao Vivo - Trio Quintina Oficial","og_description":"Aproveite as PROMO\u00c7\u00d5ES DE LAN\u00c7AMENTO  PROMO1 : NA COMPRA DE 1 CD ou DVD de R$ 15,00 ganha um envelope\u00a0 surpresa PROMO2 : NA COMPRA DE 2\u00a0 CDs ou DVDs de R$ 15,00 ganha um outro CD\u00a0 ou DVD simples \u00e0 sua escolha. *Ao finalizar sua compra informe no campo NOTA DO PEDIDO o nome do CD ou DVD escolhido. PROMO3: NA COMPRA DE 1 produto de 35,00 + 1 CD ou DVD de R$ 15,00\u00a0 ganha um outro CD ou DVD simples \u00e0 sua escolha. *Ao finalizar sua compra informe no campo NOTA DO PEDIDO o nome do CD ou DVD escolhido.","og_url":"https:\/\/trioquintina.com.br\/en\/product\/dvd-trio-quintina-orquestra\/","og_site_name":"Trio Quintina Oficial","article_modified_time":"2021-04-07T04:49:37+00:00","og_image":[{"width":1457,"height":1440,"url":"https:\/\/trioquintina.com.br\/wp-content\/uploads\/2021\/03\/DV-TrioOrquestra.jpg","type":"image\/jpeg"}],"twitter_card":"summary_large_image","twitter_misc":{"Est. reading time":"1 minute"},"schema":{"@context":"https:\/\/schema.org","@graph":[{"@type":"WebPage","@id":"https:\/\/trioquintina.com.br\/produto\/dvd-trio-quintina-orquestra\/","url":"https:\/\/trioquintina.com.br\/produto\/dvd-trio-quintina-orquestra\/","name":"DVD Trio Quintina Orquestra - Ao Vivo - Trio Quintina Oficial","isPartOf":{"@id":"https:\/\/trioquintina.com.br\/#website"},"primaryImageOfPage":{"@id":"https:\/\/trioquintina.com.br\/produto\/dvd-trio-quintina-orquestra\/#primaryimage"},"image":{"@id":"https:\/\/trioquintina.com.br\/produto\/dvd-trio-quintina-orquestra\/#primaryimage"},"thumbnailUrl":"https:\/\/trioquintina.com.br\/wp-content\/uploads\/2021\/03\/DV-TrioOrquestra.jpg","datePublished":"2021-03-17T16:23:42+00:00","dateModified":"2021-04-07T04:49:37+00:00","breadcrumb":{"@id":"https:\/\/trioquintina.com.br\/produto\/dvd-trio-quintina-orquestra\/#breadcrumb"},"inLanguage":"en-US","potentialAction":[{"@type":"ReadAction","target":["https:\/\/trioquintina.com.br\/produto\/dvd-trio-quintina-orquestra\/"]}]},{"@type":"ImageObject","inLanguage":"en-US","@id":"https:\/\/trioquintina.com.br\/produto\/dvd-trio-quintina-orquestra\/#primaryimage","url":"https:\/\/trioquintina.com.br\/wp-content\/uploads\/2021\/03\/DV-TrioOrquestra.jpg","contentUrl":"https:\/\/trioquintina.com.br\/wp-content\/uploads\/2021\/03\/DV-TrioOrquestra.jpg","width":1457,"height":1440},{"@type":"BreadcrumbList","@id":"https:\/\/trioquintina.com.br\/produto\/dvd-trio-quintina-orquestra\/#breadcrumb","itemListElement":[{"@type":"ListItem","position":1,"name":"In\u00edcio","item":"https:\/\/trioquintina.com.br\/"},{"@type":"ListItem","position":2,"name":"Loja","item":"https:\/\/trioquintina.com.br\/loja\/"},{"@type":"ListItem","position":3,"name":"DVD Trio Quintina Orquestra &#8211; Ao Vivo"}]},{"@type":"WebSite","@id":"https:\/\/trioquintina.com.br\/#website","url":"https:\/\/trioquintina.com.br\/","name":"Trio Quintina Oficial","description":"","potentialAction":[{"@type":"SearchAction","target":{"@type":"EntryPoint","urlTemplate":"https:\/\/trioquintina.com.br\/?s={search_term_string}"},"query-input":{"@type":"PropertyValueSpecification","valueRequired":true,"valueName":"search_term_string"}}],"inLanguage":"en-US"}]}},"_links":{"self":[{"href":"https:\/\/trioquintina.com.br\/en\/wp-json\/wp\/v2\/product\/520","targetHints":{"allow":["GET"]}}],"collection":[{"href":"https:\/\/trioquintina.com.br\/en\/wp-json\/wp\/v2\/product"}],"about":[{"href":"https:\/\/trioquintina.com.br\/en\/wp-json\/wp\/v2\/types\/product"}],"wp:featuredmedia":[{"embeddable":true,"href":"https:\/\/trioquintina.com.br\/en\/wp-json\/wp\/v2\/media\/928"}],"wp:attachment":[{"href":"https:\/\/trioquintina.com.br\/en\/wp-json\/wp\/v2\/media?parent=520"}],"wp:term":[{"taxonomy":"product_brand","embeddable":true,"href":"https:\/\/trioquintina.com.br\/en\/wp-json\/wp\/v2\/product_brand?post=520"},{"taxonomy":"product_cat","embeddable":true,"href":"https:\/\/trioquintina.com.br\/en\/wp-json\/wp\/v2\/product_cat?post=520"},{"taxonomy":"product_tag","embeddable":true,"href":"https:\/\/trioquintina.com.br\/en\/wp-json\/wp\/v2\/product_tag?post=520"}],"curies":[{"name":"wp","href":"https:\/\/api.w.org\/{rel}","templated":true}]}}