{"id":522,"date":"2021-03-17T13:26:53","date_gmt":"2021-03-17T16:26:53","guid":{"rendered":"https:\/\/trioquintina.com.br\/?post_type=product&#038;p=522"},"modified":"2021-05-08T09:02:05","modified_gmt":"2021-05-08T12:02:05","slug":"cd-trio-quintina-tributo-billy-blanco","status":"publish","type":"product","link":"https:\/\/trioquintina.com.br\/en\/product\/cd-trio-quintina-tributo-billy-blanco\/","title":{"rendered":"CD Trio Quintina Orquestra e Lais Mann &#8211; Tributo a Billy Blanco"},"content":{"rendered":"<p>Composi\u00e7\u00f5es e parcerias do repert\u00f3rio cl\u00e1ssico desse importante compositor brasileiro que \u00e9 Billy Blanco, na voz da amiga e int\u00e9rprete Lais Mann. Produ\u00e7\u00e3o Musical de Alvaro Ramos com arranjos e dire\u00e7\u00e3o de Gabriel Schwartz. Nos arranjos para forma\u00e7\u00e3o de orquestra de gafieira composta pelo Trio Quintina (Gabriel Schwartz &#8211; flauta, clarinete e saxofones, Fabiano Silveira o &#8220;Tiziu&#8221; no Viol\u00e3o e Gustavo Schwartz na guitarra e cavaquinho. Participa\u00e7\u00f5es especiais de Marcel Powell no viol\u00e3o em Samba Triste e de Z\u00e9 Luiz Mazziotti, voz em Encontro com a Saudade.<\/p>","protected":false},"excerpt":{"rendered":"<div><a href=\"https:\/\/trioquintina.com.br\/wp-content\/uploads\/2021\/03\/TrioQuintina-Promo-Lancamento.jpg\"><img loading=\"lazy\" decoding=\"async\" class=\"alignnone size-medium wp-image-1027\" src=\"https:\/\/trioquintina.com.br\/wp-content\/uploads\/2021\/03\/TrioQuintina-Promo-Lancamento-300x141.jpg\" alt=\"\" width=\"300\" height=\"141\" srcset=\"https:\/\/trioquintina.com.br\/wp-content\/uploads\/2021\/03\/TrioQuintina-Promo-Lancamento-300x141.jpg 300w, https:\/\/trioquintina.com.br\/wp-content\/uploads\/2021\/03\/TrioQuintina-Promo-Lancamento-1024x482.jpg 1024w, https:\/\/trioquintina.com.br\/wp-content\/uploads\/2021\/03\/TrioQuintina-Promo-Lancamento-768x362.jpg 768w, https:\/\/trioquintina.com.br\/wp-content\/uploads\/2021\/03\/TrioQuintina-Promo-Lancamento-16x8.jpg 16w, https:\/\/trioquintina.com.br\/wp-content\/uploads\/2021\/03\/TrioQuintina-Promo-Lancamento-330x155.jpg 330w, https:\/\/trioquintina.com.br\/wp-content\/uploads\/2021\/03\/TrioQuintina-Promo-Lancamento-600x283.jpg 600w, https:\/\/trioquintina.com.br\/wp-content\/uploads\/2021\/03\/TrioQuintina-Promo-Lancamento.jpg 1440w\" sizes=\"auto, (max-width: 300px) 100vw, 300px\" \/><\/a><\/div>\n<div>Aproveite as PROMO\u00c7\u00d5ES DE LAN\u00c7AMENTO<\/div>\n<div><\/div>\n<div>PROMO1 : NA COMPRA DE 1 CD ou DVD de R$ 15,00 ganha um envelope\u00a0 surpresa PROMO2 : NA COMPRA DE 2\u00a0 CDs ou DVDs de R$ 15,00 ganha um outro CD\u00a0 ou DVD simples \u00e0 sua escolha<\/div>\n<div>*Ao finalizar sua compra informe no campo NOTA DO PEDIDO o nome do CD ou DVD escolhido.<\/div>\n<div>PROMO3: NA COMPRA DE 1 produto de 35,00 + 1 CD ou DVD de R$ 15,00\u00a0 ganha um outro CD ou DVD simples \u00e0 sua escolha<\/div>\n<div>*Ao finalizar sua compra informe no campo NOTA DO PEDIDO o nome do CD ou DVD escolhido.<\/div>","protected":false},"featured_media":930,"template":"","meta":{"_acf_changed":false},"product_brand":[],"product_cat":[23],"product_tag":[],"class_list":{"0":"post-522","1":"product","2":"type-product","3":"status-publish","4":"has-post-thumbnail","6":"product_cat-cd","8":"first","9":"instock","10":"taxable","11":"shipping-taxable","12":"purchasable","13":"product-type-simple"},"acf":[],"yoast_head":"<!-- This site is optimized with the Yoast SEO plugin v27.4 - https:\/\/yoast.com\/product\/yoast-seo-wordpress\/ -->\n<title>CD Trio Quintina Orquestra e Lais Mann - Tributo a Billy Blanco - Trio Quintina Oficial<\/title>\n<meta name=\"robots\" content=\"index, follow, max-snippet:-1, max-image-preview:large, max-video-preview:-1\" \/>\n<link rel=\"canonical\" href=\"https:\/\/trioquintina.com.br\/en\/product\/cd-trio-quintina-tributo-billy-blanco\/\" \/>\n<meta property=\"og:locale\" content=\"en_US\" \/>\n<meta property=\"og:type\" content=\"article\" \/>\n<meta property=\"og:title\" content=\"CD Trio Quintina Orquestra e Lais Mann - Tributo a Billy Blanco - Trio Quintina Oficial\" \/>\n<meta property=\"og:description\" content=\"Aproveite as PROMO\u00c7\u00d5ES DE LAN\u00c7AMENTO  PROMO1 : NA COMPRA DE 1 CD ou DVD de R$ 15,00 ganha um envelope\u00a0 surpresa PROMO2 : NA COMPRA DE 2\u00a0 CDs ou DVDs de R$ 15,00 ganha um outro CD\u00a0 ou DVD simples \u00e0 sua escolha *Ao finalizar sua compra informe no campo NOTA DO PEDIDO o nome do CD ou DVD escolhido. PROMO3: NA COMPRA DE 1 produto de 35,00 + 1 CD ou DVD de R$ 15,00\u00a0 ganha um outro CD ou DVD simples \u00e0 sua escolha *Ao finalizar sua compra informe no campo NOTA DO PEDIDO o nome do CD ou DVD escolhido.\" \/>\n<meta property=\"og:url\" content=\"https:\/\/trioquintina.com.br\/en\/product\/cd-trio-quintina-tributo-billy-blanco\/\" \/>\n<meta property=\"og:site_name\" content=\"Trio Quintina Oficial\" \/>\n<meta property=\"article:modified_time\" content=\"2021-05-08T12:02:05+00:00\" \/>\n<meta property=\"og:image\" content=\"https:\/\/trioquintina.com.br\/wp-content\/uploads\/2021\/03\/CD-Orquestra-LaissMann.jpg\" \/>\n\t<meta property=\"og:image:width\" content=\"1457\" \/>\n\t<meta property=\"og:image:height\" content=\"1440\" \/>\n\t<meta property=\"og:image:type\" content=\"image\/jpeg\" \/>\n<meta name=\"twitter:card\" content=\"summary_large_image\" \/>\n<script type=\"application\/ld+json\" class=\"yoast-schema-graph\">{\"@context\":\"https:\\\/\\\/schema.org\",\"@graph\":[{\"@type\":\"WebPage\",\"@id\":\"https:\\\/\\\/trioquintina.com.br\\\/produto\\\/cd-trio-quintina-tributo-billy-blanco\\\/\",\"url\":\"https:\\\/\\\/trioquintina.com.br\\\/produto\\\/cd-trio-quintina-tributo-billy-blanco\\\/\",\"name\":\"CD Trio Quintina Orquestra e Lais Mann - Tributo a Billy Blanco - Trio Quintina Oficial\",\"isPartOf\":{\"@id\":\"https:\\\/\\\/trioquintina.com.br\\\/#website\"},\"primaryImageOfPage\":{\"@id\":\"https:\\\/\\\/trioquintina.com.br\\\/produto\\\/cd-trio-quintina-tributo-billy-blanco\\\/#primaryimage\"},\"image\":{\"@id\":\"https:\\\/\\\/trioquintina.com.br\\\/produto\\\/cd-trio-quintina-tributo-billy-blanco\\\/#primaryimage\"},\"thumbnailUrl\":\"https:\\\/\\\/trioquintina.com.br\\\/wp-content\\\/uploads\\\/2021\\\/03\\\/CD-Orquestra-LaissMann.jpg\",\"datePublished\":\"2021-03-17T16:26:53+00:00\",\"dateModified\":\"2021-05-08T12:02:05+00:00\",\"breadcrumb\":{\"@id\":\"https:\\\/\\\/trioquintina.com.br\\\/produto\\\/cd-trio-quintina-tributo-billy-blanco\\\/#breadcrumb\"},\"inLanguage\":\"en-US\",\"potentialAction\":[{\"@type\":\"ReadAction\",\"target\":[\"https:\\\/\\\/trioquintina.com.br\\\/produto\\\/cd-trio-quintina-tributo-billy-blanco\\\/\"]}]},{\"@type\":\"ImageObject\",\"inLanguage\":\"en-US\",\"@id\":\"https:\\\/\\\/trioquintina.com.br\\\/produto\\\/cd-trio-quintina-tributo-billy-blanco\\\/#primaryimage\",\"url\":\"https:\\\/\\\/trioquintina.com.br\\\/wp-content\\\/uploads\\\/2021\\\/03\\\/CD-Orquestra-LaissMann.jpg\",\"contentUrl\":\"https:\\\/\\\/trioquintina.com.br\\\/wp-content\\\/uploads\\\/2021\\\/03\\\/CD-Orquestra-LaissMann.jpg\",\"width\":1457,\"height\":1440},{\"@type\":\"BreadcrumbList\",\"@id\":\"https:\\\/\\\/trioquintina.com.br\\\/produto\\\/cd-trio-quintina-tributo-billy-blanco\\\/#breadcrumb\",\"itemListElement\":[{\"@type\":\"ListItem\",\"position\":1,\"name\":\"In\u00edcio\",\"item\":\"https:\\\/\\\/trioquintina.com.br\\\/\"},{\"@type\":\"ListItem\",\"position\":2,\"name\":\"Loja\",\"item\":\"https:\\\/\\\/trioquintina.com.br\\\/loja\\\/\"},{\"@type\":\"ListItem\",\"position\":3,\"name\":\"CD Trio Quintina Orquestra e Lais Mann &#8211; Tributo a Billy Blanco\"}]},{\"@type\":\"WebSite\",\"@id\":\"https:\\\/\\\/trioquintina.com.br\\\/#website\",\"url\":\"https:\\\/\\\/trioquintina.com.br\\\/\",\"name\":\"Trio Quintina Oficial\",\"description\":\"\",\"potentialAction\":[{\"@type\":\"SearchAction\",\"target\":{\"@type\":\"EntryPoint\",\"urlTemplate\":\"https:\\\/\\\/trioquintina.com.br\\\/?s={search_term_string}\"},\"query-input\":{\"@type\":\"PropertyValueSpecification\",\"valueRequired\":true,\"valueName\":\"search_term_string\"}}],\"inLanguage\":\"en-US\"}]}<\/script>\n<!-- \/ Yoast SEO plugin. -->","yoast_head_json":{"title":"CD Trio Quintina Orquestra e Lais Mann - Tributo a Billy Blanco - Trio Quintina Oficial","robots":{"index":"index","follow":"follow","max-snippet":"max-snippet:-1","max-image-preview":"max-image-preview:large","max-video-preview":"max-video-preview:-1"},"canonical":"https:\/\/trioquintina.com.br\/en\/product\/cd-trio-quintina-tributo-billy-blanco\/","og_locale":"en_US","og_type":"article","og_title":"CD Trio Quintina Orquestra e Lais Mann - Tributo a Billy Blanco - Trio Quintina Oficial","og_description":"Aproveite as PROMO\u00c7\u00d5ES DE LAN\u00c7AMENTO  PROMO1 : NA COMPRA DE 1 CD ou DVD de R$ 15,00 ganha um envelope\u00a0 surpresa PROMO2 : NA COMPRA DE 2\u00a0 CDs ou DVDs de R$ 15,00 ganha um outro CD\u00a0 ou DVD simples \u00e0 sua escolha *Ao finalizar sua compra informe no campo NOTA DO PEDIDO o nome do CD ou DVD escolhido. PROMO3: NA COMPRA DE 1 produto de 35,00 + 1 CD ou DVD de R$ 15,00\u00a0 ganha um outro CD ou DVD simples \u00e0 sua escolha *Ao finalizar sua compra informe no campo NOTA DO PEDIDO o nome do CD ou DVD escolhido.","og_url":"https:\/\/trioquintina.com.br\/en\/product\/cd-trio-quintina-tributo-billy-blanco\/","og_site_name":"Trio Quintina Oficial","article_modified_time":"2021-05-08T12:02:05+00:00","og_image":[{"width":1457,"height":1440,"url":"https:\/\/trioquintina.com.br\/wp-content\/uploads\/2021\/03\/CD-Orquestra-LaissMann.jpg","type":"image\/jpeg"}],"twitter_card":"summary_large_image","schema":{"@context":"https:\/\/schema.org","@graph":[{"@type":"WebPage","@id":"https:\/\/trioquintina.com.br\/produto\/cd-trio-quintina-tributo-billy-blanco\/","url":"https:\/\/trioquintina.com.br\/produto\/cd-trio-quintina-tributo-billy-blanco\/","name":"CD Trio Quintina Orquestra e Lais Mann - Tributo a Billy Blanco - Trio Quintina Oficial","isPartOf":{"@id":"https:\/\/trioquintina.com.br\/#website"},"primaryImageOfPage":{"@id":"https:\/\/trioquintina.com.br\/produto\/cd-trio-quintina-tributo-billy-blanco\/#primaryimage"},"image":{"@id":"https:\/\/trioquintina.com.br\/produto\/cd-trio-quintina-tributo-billy-blanco\/#primaryimage"},"thumbnailUrl":"https:\/\/trioquintina.com.br\/wp-content\/uploads\/2021\/03\/CD-Orquestra-LaissMann.jpg","datePublished":"2021-03-17T16:26:53+00:00","dateModified":"2021-05-08T12:02:05+00:00","breadcrumb":{"@id":"https:\/\/trioquintina.com.br\/produto\/cd-trio-quintina-tributo-billy-blanco\/#breadcrumb"},"inLanguage":"en-US","potentialAction":[{"@type":"ReadAction","target":["https:\/\/trioquintina.com.br\/produto\/cd-trio-quintina-tributo-billy-blanco\/"]}]},{"@type":"ImageObject","inLanguage":"en-US","@id":"https:\/\/trioquintina.com.br\/produto\/cd-trio-quintina-tributo-billy-blanco\/#primaryimage","url":"https:\/\/trioquintina.com.br\/wp-content\/uploads\/2021\/03\/CD-Orquestra-LaissMann.jpg","contentUrl":"https:\/\/trioquintina.com.br\/wp-content\/uploads\/2021\/03\/CD-Orquestra-LaissMann.jpg","width":1457,"height":1440},{"@type":"BreadcrumbList","@id":"https:\/\/trioquintina.com.br\/produto\/cd-trio-quintina-tributo-billy-blanco\/#breadcrumb","itemListElement":[{"@type":"ListItem","position":1,"name":"In\u00edcio","item":"https:\/\/trioquintina.com.br\/"},{"@type":"ListItem","position":2,"name":"Loja","item":"https:\/\/trioquintina.com.br\/loja\/"},{"@type":"ListItem","position":3,"name":"CD Trio Quintina Orquestra e Lais Mann &#8211; Tributo a Billy Blanco"}]},{"@type":"WebSite","@id":"https:\/\/trioquintina.com.br\/#website","url":"https:\/\/trioquintina.com.br\/","name":"Trio Quintina Oficial","description":"","potentialAction":[{"@type":"SearchAction","target":{"@type":"EntryPoint","urlTemplate":"https:\/\/trioquintina.com.br\/?s={search_term_string}"},"query-input":{"@type":"PropertyValueSpecification","valueRequired":true,"valueName":"search_term_string"}}],"inLanguage":"en-US"}]}},"_links":{"self":[{"href":"https:\/\/trioquintina.com.br\/en\/wp-json\/wp\/v2\/product\/522","targetHints":{"allow":["GET"]}}],"collection":[{"href":"https:\/\/trioquintina.com.br\/en\/wp-json\/wp\/v2\/product"}],"about":[{"href":"https:\/\/trioquintina.com.br\/en\/wp-json\/wp\/v2\/types\/product"}],"wp:featuredmedia":[{"embeddable":true,"href":"https:\/\/trioquintina.com.br\/en\/wp-json\/wp\/v2\/media\/930"}],"wp:attachment":[{"href":"https:\/\/trioquintina.com.br\/en\/wp-json\/wp\/v2\/media?parent=522"}],"wp:term":[{"taxonomy":"product_brand","embeddable":true,"href":"https:\/\/trioquintina.com.br\/en\/wp-json\/wp\/v2\/product_brand?post=522"},{"taxonomy":"product_cat","embeddable":true,"href":"https:\/\/trioquintina.com.br\/en\/wp-json\/wp\/v2\/product_cat?post=522"},{"taxonomy":"product_tag","embeddable":true,"href":"https:\/\/trioquintina.com.br\/en\/wp-json\/wp\/v2\/product_tag?post=522"}],"curies":[{"name":"wp","href":"https:\/\/api.w.org\/{rel}","templated":true}]}}