{"id":528,"date":"2021-02-17T13:32:50","date_gmt":"2021-02-17T16:32:50","guid":{"rendered":"https:\/\/trioquintina.com.br\/?post_type=product&#038;p=528"},"modified":"2021-05-08T09:02:05","modified_gmt":"2021-05-08T12:02:05","slug":"variedades-contemporaneas","status":"publish","type":"product","link":"https:\/\/trioquintina.com.br\/en\/product\/variedades-contemporaneas\/","title":{"rendered":"DVD Variedades Contempor\u00e2neas &#8211; Instrumental"},"content":{"rendered":"<p>M\u00fasica Instrumental Brasileira Moderna com forte influ\u00eancia do choro, Show gravado Ao Vivo, no Teatro Paiol em Curitiba\/PR em 2013. M\u00fasicos: Davi Sartori (piano), Gabriel Schwartz (flautas, sax e percuss\u00f5es), Juli\u00e3o Bo\u00eamio (cavaquinho), Jefferson Lescowich (baixo ac\u00fastico) e Graciliano Zambonin (bateria). Participa\u00e7\u00e3o de Laercio de Freitas ( Piano) e Gabriele Mirabassi ( Clarinete)<\/p>","protected":false},"excerpt":{"rendered":"<div>Aproveite as PROMO\u00c7\u00d5ES DE LAN\u00c7AMENTO:<\/div>\n<div><\/div>\n<div>PROMO1 : NA COMPRA DE 1 CD ou DVD de R$ 15,00 ganha um envelope\u00a0 surpresa<\/div>\n<div><\/div>\n<div>PROMO2 : NA COMPRA DE 2\u00a0 CDs ou DVDs de R$ 15,00 ganha um outro CD\u00a0 ou DVD simples \u00e0 sua escolha.<\/div>\n<div>*Ao finalizar sua compra informe no campo NOTA DO PEDIDO o nome do CD ou DVD escolhido.<\/div>\n<div><\/div>\n<div>PROMO3: NA COMPRA DE 1 produto de 35,00 + 1 CD ou DVD de R$ 15,00\u00a0 ganha um outro CD ou DVD simples \u00e0 sua escolha.<\/div>\n<div>*Ao finalizar sua compra informe no campo NOTA DO PEDIDO o nome do CD ou DVD escolhido.<\/div>","protected":false},"featured_media":1033,"template":"","meta":{"_acf_changed":false},"product_brand":[],"product_cat":[22],"product_tag":[],"class_list":{"0":"post-528","1":"product","2":"type-product","3":"status-publish","4":"has-post-thumbnail","6":"product_cat-dvd","8":"first","9":"instock","10":"taxable","11":"shipping-taxable","12":"purchasable","13":"product-type-simple"},"acf":[],"yoast_head":"<!-- This site is optimized with the Yoast SEO plugin v27.4 - https:\/\/yoast.com\/product\/yoast-seo-wordpress\/ -->\n<title>DVD Variedades Contempor\u00e2neas - Instrumental - Trio Quintina Oficial<\/title>\n<meta name=\"robots\" content=\"index, follow, max-snippet:-1, max-image-preview:large, max-video-preview:-1\" \/>\n<link rel=\"canonical\" href=\"https:\/\/trioquintina.com.br\/en\/product\/variedades-contemporaneas\/\" \/>\n<meta property=\"og:locale\" content=\"en_US\" \/>\n<meta property=\"og:type\" content=\"article\" \/>\n<meta property=\"og:title\" content=\"DVD Variedades Contempor\u00e2neas - Instrumental - Trio Quintina Oficial\" \/>\n<meta property=\"og:description\" content=\"Aproveite as PROMO\u00c7\u00d5ES DE LAN\u00c7AMENTO:  PROMO1 : NA COMPRA DE 1 CD ou DVD de R$ 15,00 ganha um envelope\u00a0 surpresa  PROMO2 : NA COMPRA DE 2\u00a0 CDs ou DVDs de R$ 15,00 ganha um outro CD\u00a0 ou DVD simples \u00e0 sua escolha. *Ao finalizar sua compra informe no campo NOTA DO PEDIDO o nome do CD ou DVD escolhido.  PROMO3: NA COMPRA DE 1 produto de 35,00 + 1 CD ou DVD de R$ 15,00\u00a0 ganha um outro CD ou DVD simples \u00e0 sua escolha. *Ao finalizar sua compra informe no campo NOTA DO PEDIDO o nome do CD ou DVD escolhido.\" \/>\n<meta property=\"og:url\" content=\"https:\/\/trioquintina.com.br\/en\/product\/variedades-contemporaneas\/\" \/>\n<meta property=\"og:site_name\" content=\"Trio Quintina Oficial\" \/>\n<meta property=\"article:modified_time\" content=\"2021-05-08T12:02:05+00:00\" \/>\n<meta property=\"og:image\" content=\"https:\/\/trioquintina.com.br\/wp-content\/uploads\/2021\/02\/DVD-VariedadesContemporaneas.jpg\" \/>\n\t<meta property=\"og:image:width\" content=\"1457\" \/>\n\t<meta property=\"og:image:height\" content=\"1440\" \/>\n\t<meta property=\"og:image:type\" content=\"image\/jpeg\" \/>\n<meta name=\"twitter:card\" content=\"summary_large_image\" \/>\n<script type=\"application\/ld+json\" class=\"yoast-schema-graph\">{\"@context\":\"https:\\\/\\\/schema.org\",\"@graph\":[{\"@type\":\"WebPage\",\"@id\":\"https:\\\/\\\/trioquintina.com.br\\\/produto\\\/variedades-contemporaneas\\\/\",\"url\":\"https:\\\/\\\/trioquintina.com.br\\\/produto\\\/variedades-contemporaneas\\\/\",\"name\":\"DVD Variedades Contempor\u00e2neas - Instrumental - Trio Quintina Oficial\",\"isPartOf\":{\"@id\":\"https:\\\/\\\/trioquintina.com.br\\\/#website\"},\"primaryImageOfPage\":{\"@id\":\"https:\\\/\\\/trioquintina.com.br\\\/produto\\\/variedades-contemporaneas\\\/#primaryimage\"},\"image\":{\"@id\":\"https:\\\/\\\/trioquintina.com.br\\\/produto\\\/variedades-contemporaneas\\\/#primaryimage\"},\"thumbnailUrl\":\"https:\\\/\\\/trioquintina.com.br\\\/wp-content\\\/uploads\\\/2021\\\/02\\\/DVD-VariedadesContemporaneas.jpg\",\"datePublished\":\"2021-02-17T16:32:50+00:00\",\"dateModified\":\"2021-05-08T12:02:05+00:00\",\"breadcrumb\":{\"@id\":\"https:\\\/\\\/trioquintina.com.br\\\/produto\\\/variedades-contemporaneas\\\/#breadcrumb\"},\"inLanguage\":\"en-US\",\"potentialAction\":[{\"@type\":\"ReadAction\",\"target\":[\"https:\\\/\\\/trioquintina.com.br\\\/produto\\\/variedades-contemporaneas\\\/\"]}]},{\"@type\":\"ImageObject\",\"inLanguage\":\"en-US\",\"@id\":\"https:\\\/\\\/trioquintina.com.br\\\/produto\\\/variedades-contemporaneas\\\/#primaryimage\",\"url\":\"https:\\\/\\\/trioquintina.com.br\\\/wp-content\\\/uploads\\\/2021\\\/02\\\/DVD-VariedadesContemporaneas.jpg\",\"contentUrl\":\"https:\\\/\\\/trioquintina.com.br\\\/wp-content\\\/uploads\\\/2021\\\/02\\\/DVD-VariedadesContemporaneas.jpg\",\"width\":1457,\"height\":1440},{\"@type\":\"BreadcrumbList\",\"@id\":\"https:\\\/\\\/trioquintina.com.br\\\/produto\\\/variedades-contemporaneas\\\/#breadcrumb\",\"itemListElement\":[{\"@type\":\"ListItem\",\"position\":1,\"name\":\"In\u00edcio\",\"item\":\"https:\\\/\\\/trioquintina.com.br\\\/\"},{\"@type\":\"ListItem\",\"position\":2,\"name\":\"Loja\",\"item\":\"https:\\\/\\\/trioquintina.com.br\\\/loja\\\/\"},{\"@type\":\"ListItem\",\"position\":3,\"name\":\"DVD Variedades Contempor\u00e2neas &#8211; Instrumental\"}]},{\"@type\":\"WebSite\",\"@id\":\"https:\\\/\\\/trioquintina.com.br\\\/#website\",\"url\":\"https:\\\/\\\/trioquintina.com.br\\\/\",\"name\":\"Trio Quintina Oficial\",\"description\":\"\",\"potentialAction\":[{\"@type\":\"SearchAction\",\"target\":{\"@type\":\"EntryPoint\",\"urlTemplate\":\"https:\\\/\\\/trioquintina.com.br\\\/?s={search_term_string}\"},\"query-input\":{\"@type\":\"PropertyValueSpecification\",\"valueRequired\":true,\"valueName\":\"search_term_string\"}}],\"inLanguage\":\"en-US\"}]}<\/script>\n<!-- \/ Yoast SEO plugin. -->","yoast_head_json":{"title":"DVD Variedades Contempor\u00e2neas - Instrumental - Trio Quintina Oficial","robots":{"index":"index","follow":"follow","max-snippet":"max-snippet:-1","max-image-preview":"max-image-preview:large","max-video-preview":"max-video-preview:-1"},"canonical":"https:\/\/trioquintina.com.br\/en\/product\/variedades-contemporaneas\/","og_locale":"en_US","og_type":"article","og_title":"DVD Variedades Contempor\u00e2neas - Instrumental - Trio Quintina Oficial","og_description":"Aproveite as PROMO\u00c7\u00d5ES DE LAN\u00c7AMENTO:  PROMO1 : NA COMPRA DE 1 CD ou DVD de R$ 15,00 ganha um envelope\u00a0 surpresa  PROMO2 : NA COMPRA DE 2\u00a0 CDs ou DVDs de R$ 15,00 ganha um outro CD\u00a0 ou DVD simples \u00e0 sua escolha. *Ao finalizar sua compra informe no campo NOTA DO PEDIDO o nome do CD ou DVD escolhido.  PROMO3: NA COMPRA DE 1 produto de 35,00 + 1 CD ou DVD de R$ 15,00\u00a0 ganha um outro CD ou DVD simples \u00e0 sua escolha. *Ao finalizar sua compra informe no campo NOTA DO PEDIDO o nome do CD ou DVD escolhido.","og_url":"https:\/\/trioquintina.com.br\/en\/product\/variedades-contemporaneas\/","og_site_name":"Trio Quintina Oficial","article_modified_time":"2021-05-08T12:02:05+00:00","og_image":[{"width":1457,"height":1440,"url":"https:\/\/trioquintina.com.br\/wp-content\/uploads\/2021\/02\/DVD-VariedadesContemporaneas.jpg","type":"image\/jpeg"}],"twitter_card":"summary_large_image","schema":{"@context":"https:\/\/schema.org","@graph":[{"@type":"WebPage","@id":"https:\/\/trioquintina.com.br\/produto\/variedades-contemporaneas\/","url":"https:\/\/trioquintina.com.br\/produto\/variedades-contemporaneas\/","name":"DVD Variedades Contempor\u00e2neas - Instrumental - Trio Quintina Oficial","isPartOf":{"@id":"https:\/\/trioquintina.com.br\/#website"},"primaryImageOfPage":{"@id":"https:\/\/trioquintina.com.br\/produto\/variedades-contemporaneas\/#primaryimage"},"image":{"@id":"https:\/\/trioquintina.com.br\/produto\/variedades-contemporaneas\/#primaryimage"},"thumbnailUrl":"https:\/\/trioquintina.com.br\/wp-content\/uploads\/2021\/02\/DVD-VariedadesContemporaneas.jpg","datePublished":"2021-02-17T16:32:50+00:00","dateModified":"2021-05-08T12:02:05+00:00","breadcrumb":{"@id":"https:\/\/trioquintina.com.br\/produto\/variedades-contemporaneas\/#breadcrumb"},"inLanguage":"en-US","potentialAction":[{"@type":"ReadAction","target":["https:\/\/trioquintina.com.br\/produto\/variedades-contemporaneas\/"]}]},{"@type":"ImageObject","inLanguage":"en-US","@id":"https:\/\/trioquintina.com.br\/produto\/variedades-contemporaneas\/#primaryimage","url":"https:\/\/trioquintina.com.br\/wp-content\/uploads\/2021\/02\/DVD-VariedadesContemporaneas.jpg","contentUrl":"https:\/\/trioquintina.com.br\/wp-content\/uploads\/2021\/02\/DVD-VariedadesContemporaneas.jpg","width":1457,"height":1440},{"@type":"BreadcrumbList","@id":"https:\/\/trioquintina.com.br\/produto\/variedades-contemporaneas\/#breadcrumb","itemListElement":[{"@type":"ListItem","position":1,"name":"In\u00edcio","item":"https:\/\/trioquintina.com.br\/"},{"@type":"ListItem","position":2,"name":"Loja","item":"https:\/\/trioquintina.com.br\/loja\/"},{"@type":"ListItem","position":3,"name":"DVD Variedades Contempor\u00e2neas &#8211; Instrumental"}]},{"@type":"WebSite","@id":"https:\/\/trioquintina.com.br\/#website","url":"https:\/\/trioquintina.com.br\/","name":"Trio Quintina Oficial","description":"","potentialAction":[{"@type":"SearchAction","target":{"@type":"EntryPoint","urlTemplate":"https:\/\/trioquintina.com.br\/?s={search_term_string}"},"query-input":{"@type":"PropertyValueSpecification","valueRequired":true,"valueName":"search_term_string"}}],"inLanguage":"en-US"}]}},"_links":{"self":[{"href":"https:\/\/trioquintina.com.br\/en\/wp-json\/wp\/v2\/product\/528","targetHints":{"allow":["GET"]}}],"collection":[{"href":"https:\/\/trioquintina.com.br\/en\/wp-json\/wp\/v2\/product"}],"about":[{"href":"https:\/\/trioquintina.com.br\/en\/wp-json\/wp\/v2\/types\/product"}],"wp:featuredmedia":[{"embeddable":true,"href":"https:\/\/trioquintina.com.br\/en\/wp-json\/wp\/v2\/media\/1033"}],"wp:attachment":[{"href":"https:\/\/trioquintina.com.br\/en\/wp-json\/wp\/v2\/media?parent=528"}],"wp:term":[{"taxonomy":"product_brand","embeddable":true,"href":"https:\/\/trioquintina.com.br\/en\/wp-json\/wp\/v2\/product_brand?post=528"},{"taxonomy":"product_cat","embeddable":true,"href":"https:\/\/trioquintina.com.br\/en\/wp-json\/wp\/v2\/product_cat?post=528"},{"taxonomy":"product_tag","embeddable":true,"href":"https:\/\/trioquintina.com.br\/en\/wp-json\/wp\/v2\/product_tag?post=528"}],"curies":[{"name":"wp","href":"https:\/\/api.w.org\/{rel}","templated":true}]}}