{"id":530,"date":"2021-02-17T13:34:48","date_gmt":"2021-02-17T16:34:48","guid":{"rendered":"https:\/\/trioquintina.com.br\/?post_type=product&#038;p=530"},"modified":"2021-04-07T18:28:44","modified_gmt":"2021-04-07T21:28:44","slug":"livrocd-zed","status":"publish","type":"product","link":"https:\/\/trioquintina.com.br\/en\/product\/livrocd-zed\/","title":{"rendered":"LIVRO\/CD\/HQ &#8211; ZED \u2013 Estudos Musicais"},"content":{"rendered":"<div class=\"o9v6fnle cxmmr5t8 oygrvhab hcukyx3x c1et5uql\">\n<p class=\"p1\">ZED \u2013 Estudos Musicais \u00e9 um trabalho com a assinatura do m\u00fasico Fabiano Silveira, O Tiziu. Este trabalho in\u00e9dito traz partituras para estes estudos gravados em CD. Al\u00e9m disso, o livro traz uma inusitada hist\u00f3ria em quadrinhos sobre uma figura mitol\u00f3gica, que mora nos t\u00faneis do Largo da Ordem, em Curitiba. Os desenhos s\u00e3o de Andr\u00e9 Caliman, com belos cen\u00e1rios do centro da capital paranaense que fazem parte da vida deste personagem lend\u00e1rio conhecido carinhosamente como o \u201cBodeZed\u201d.<\/p>\n<p class=\"p1\">Um projeto elaborado e idealizado a partir de pesquisa musical, que resultou em dez \u201cestudos musicais\u201d, registrados em CD (e nas partituras). A sonoridade dos estudos se aproxima daquelas m\u00fasicas instrumentais agrad\u00e1veis, que flutuam entre o choro, o samba e o jazz. J\u00e1 a hist\u00f3ria em quadrinhos, sobre a lenda do BodeZed, \u00e9 uma pe\u00e7a \u00fanica e marcante, \u00e9 uma obra de arte \u00e0 parte, ideal para amantes e colecionadores de HQs. Com toques de erotismo, desenhados por Caliman enquanto morava em Paris, e com um roteiro pr\u00f3prio de um thriller, assinado pelo diretor de cinema Jo\u00e3o Marcelo Gomes, os quadrinhos podem (e devem) ser lidos com a trilha sonora do CD, com os estudos produzidos por Tiziu e com as interven\u00e7\u00f5es sonoras de Denis Nunes. A produ\u00e7\u00e3o executiva e a produ\u00e7\u00e3o e design da obra liter\u00e1ria foram organizadas por Pedro Hey Branco, com o apoio de Andr\u00e9 Caliman nos quadrinhos, do jornalista Cahu\u00ea Miranda na revis\u00e3o dos textos, e com o toque final do designer Diogo Marques. ZED \u2013 Estudos Musicais \u00e9 uma obra que carrega a imagem e o som da cidade de Curitiba.<span class=\"Apple-converted-space\">\u00a0 <\/span>Sob o olhar m\u00e1gico de Tiziu, se desvenda um mist\u00e9rio que ronda os t\u00faneis do Largo da Ordem. A morada do BodeZed \u00e9 o cora\u00e7\u00e3o da cidade, que ganha vida e m\u00fasica na arte transversa de Caliman e Tiziu.<\/p>\n<p class=\"p1\">Livro de Partituras (Estudos Musicais) com 94 p\u00e1ginas, acompanha CD e Hist\u00f3ria em Quadrinhos.<\/p>\n<\/div>","protected":false},"excerpt":{"rendered":"<div>Aproveite as PROMO\u00c7\u00d5ES DE LAN\u00c7AMENTO:<\/div>\n<div><\/div>\n<div>PROMO1 : NA COMPRA DE 1 CD ou DVD de R$ 15,00 ganha um envelope\u00a0 surpresa<\/div>\n<div><\/div>\n<div>PROMO2 : NA COMPRA DE 2\u00a0 CDs ou DVDs de R$ 15,00 ganha um outro CD\u00a0 ou DVD simples \u00e0 sua escolha<\/div>\n<div>*Ao finalizar sua compra informe no campo NOTA DO PEDIDO o nome do CD ou DVD escolhido.<\/div>\n<div><\/div>\n<div>PROMO3: NA COMPRA DE 1 produto de 35,00 + 1 CD ou DVD de R$ 15,00\u00a0 ganha um outro CD ou DVD simples \u00e0 sua escolha<\/div>\n<div>*Ao finalizar sua compra informe no campo NOTA DO PEDIDO o nome do CD ou DVD escolhido.<\/div>","protected":false},"featured_media":1078,"template":"","meta":{"_acf_changed":false},"product_brand":[],"product_cat":[26],"product_tag":[],"class_list":{"0":"post-530","1":"product","2":"type-product","3":"status-publish","4":"has-post-thumbnail","6":"product_cat-livro-e-cd","8":"first","9":"instock","10":"taxable","11":"shipping-taxable","12":"purchasable","13":"product-type-simple"},"acf":[],"yoast_head":"<!-- This site is optimized with the Yoast SEO plugin v27.4 - https:\/\/yoast.com\/product\/yoast-seo-wordpress\/ -->\n<title>LIVRO\/CD\/HQ - ZED \u2013 Estudos Musicais - Trio Quintina Oficial<\/title>\n<meta name=\"robots\" content=\"index, follow, max-snippet:-1, max-image-preview:large, max-video-preview:-1\" \/>\n<link rel=\"canonical\" href=\"https:\/\/trioquintina.com.br\/en\/product\/livrocd-zed\/\" \/>\n<meta property=\"og:locale\" content=\"en_US\" \/>\n<meta property=\"og:type\" content=\"article\" \/>\n<meta property=\"og:title\" content=\"LIVRO\/CD\/HQ - ZED \u2013 Estudos Musicais - Trio Quintina Oficial\" \/>\n<meta property=\"og:description\" content=\"Aproveite as PROMO\u00c7\u00d5ES DE LAN\u00c7AMENTO:  PROMO1 : NA COMPRA DE 1 CD ou DVD de R$ 15,00 ganha um envelope\u00a0 surpresa  PROMO2 : NA COMPRA DE 2\u00a0 CDs ou DVDs de R$ 15,00 ganha um outro CD\u00a0 ou DVD simples \u00e0 sua escolha *Ao finalizar sua compra informe no campo NOTA DO PEDIDO o nome do CD ou DVD escolhido.  PROMO3: NA COMPRA DE 1 produto de 35,00 + 1 CD ou DVD de R$ 15,00\u00a0 ganha um outro CD ou DVD simples \u00e0 sua escolha *Ao finalizar sua compra informe no campo NOTA DO PEDIDO o nome do CD ou DVD escolhido.\" \/>\n<meta property=\"og:url\" content=\"https:\/\/trioquintina.com.br\/en\/product\/livrocd-zed\/\" \/>\n<meta property=\"og:site_name\" content=\"Trio Quintina Oficial\" \/>\n<meta property=\"article:modified_time\" content=\"2021-04-07T21:28:44+00:00\" \/>\n<meta property=\"og:image\" content=\"https:\/\/trioquintina.com.br\/wp-content\/uploads\/2021\/02\/ZED-Estudos-Musicais_capa-aberta-2-1-1.jpg\" \/>\n\t<meta property=\"og:image:width\" content=\"1161\" \/>\n\t<meta property=\"og:image:height\" content=\"1289\" \/>\n\t<meta property=\"og:image:type\" content=\"image\/jpeg\" \/>\n<meta name=\"twitter:card\" content=\"summary_large_image\" \/>\n<meta name=\"twitter:label1\" content=\"Est. reading time\" \/>\n\t<meta name=\"twitter:data1\" content=\"2 minutes\" \/>\n<script type=\"application\/ld+json\" class=\"yoast-schema-graph\">{\"@context\":\"https:\\\/\\\/schema.org\",\"@graph\":[{\"@type\":\"WebPage\",\"@id\":\"https:\\\/\\\/trioquintina.com.br\\\/produto\\\/livrocd-zed\\\/\",\"url\":\"https:\\\/\\\/trioquintina.com.br\\\/produto\\\/livrocd-zed\\\/\",\"name\":\"LIVRO\\\/CD\\\/HQ - ZED \u2013 Estudos Musicais - Trio Quintina Oficial\",\"isPartOf\":{\"@id\":\"https:\\\/\\\/trioquintina.com.br\\\/#website\"},\"primaryImageOfPage\":{\"@id\":\"https:\\\/\\\/trioquintina.com.br\\\/produto\\\/livrocd-zed\\\/#primaryimage\"},\"image\":{\"@id\":\"https:\\\/\\\/trioquintina.com.br\\\/produto\\\/livrocd-zed\\\/#primaryimage\"},\"thumbnailUrl\":\"https:\\\/\\\/trioquintina.com.br\\\/wp-content\\\/uploads\\\/2021\\\/02\\\/ZED-Estudos-Musicais_capa-aberta-2-1-1.jpg\",\"datePublished\":\"2021-02-17T16:34:48+00:00\",\"dateModified\":\"2021-04-07T21:28:44+00:00\",\"breadcrumb\":{\"@id\":\"https:\\\/\\\/trioquintina.com.br\\\/produto\\\/livrocd-zed\\\/#breadcrumb\"},\"inLanguage\":\"en-US\",\"potentialAction\":[{\"@type\":\"ReadAction\",\"target\":[\"https:\\\/\\\/trioquintina.com.br\\\/produto\\\/livrocd-zed\\\/\"]}]},{\"@type\":\"ImageObject\",\"inLanguage\":\"en-US\",\"@id\":\"https:\\\/\\\/trioquintina.com.br\\\/produto\\\/livrocd-zed\\\/#primaryimage\",\"url\":\"https:\\\/\\\/trioquintina.com.br\\\/wp-content\\\/uploads\\\/2021\\\/02\\\/ZED-Estudos-Musicais_capa-aberta-2-1-1.jpg\",\"contentUrl\":\"https:\\\/\\\/trioquintina.com.br\\\/wp-content\\\/uploads\\\/2021\\\/02\\\/ZED-Estudos-Musicais_capa-aberta-2-1-1.jpg\",\"width\":1161,\"height\":1289},{\"@type\":\"BreadcrumbList\",\"@id\":\"https:\\\/\\\/trioquintina.com.br\\\/produto\\\/livrocd-zed\\\/#breadcrumb\",\"itemListElement\":[{\"@type\":\"ListItem\",\"position\":1,\"name\":\"In\u00edcio\",\"item\":\"https:\\\/\\\/trioquintina.com.br\\\/\"},{\"@type\":\"ListItem\",\"position\":2,\"name\":\"Loja\",\"item\":\"https:\\\/\\\/trioquintina.com.br\\\/loja\\\/\"},{\"@type\":\"ListItem\",\"position\":3,\"name\":\"LIVRO\\\/CD\\\/HQ &#8211; ZED \u2013 Estudos Musicais\"}]},{\"@type\":\"WebSite\",\"@id\":\"https:\\\/\\\/trioquintina.com.br\\\/#website\",\"url\":\"https:\\\/\\\/trioquintina.com.br\\\/\",\"name\":\"Trio Quintina Oficial\",\"description\":\"\",\"potentialAction\":[{\"@type\":\"SearchAction\",\"target\":{\"@type\":\"EntryPoint\",\"urlTemplate\":\"https:\\\/\\\/trioquintina.com.br\\\/?s={search_term_string}\"},\"query-input\":{\"@type\":\"PropertyValueSpecification\",\"valueRequired\":true,\"valueName\":\"search_term_string\"}}],\"inLanguage\":\"en-US\"}]}<\/script>\n<!-- \/ Yoast SEO plugin. -->","yoast_head_json":{"title":"LIVRO\/CD\/HQ - ZED \u2013 Estudos Musicais - Trio Quintina Oficial","robots":{"index":"index","follow":"follow","max-snippet":"max-snippet:-1","max-image-preview":"max-image-preview:large","max-video-preview":"max-video-preview:-1"},"canonical":"https:\/\/trioquintina.com.br\/en\/product\/livrocd-zed\/","og_locale":"en_US","og_type":"article","og_title":"LIVRO\/CD\/HQ - ZED \u2013 Estudos Musicais - Trio Quintina Oficial","og_description":"Aproveite as PROMO\u00c7\u00d5ES DE LAN\u00c7AMENTO:  PROMO1 : NA COMPRA DE 1 CD ou DVD de R$ 15,00 ganha um envelope\u00a0 surpresa  PROMO2 : NA COMPRA DE 2\u00a0 CDs ou DVDs de R$ 15,00 ganha um outro CD\u00a0 ou DVD simples \u00e0 sua escolha *Ao finalizar sua compra informe no campo NOTA DO PEDIDO o nome do CD ou DVD escolhido.  PROMO3: NA COMPRA DE 1 produto de 35,00 + 1 CD ou DVD de R$ 15,00\u00a0 ganha um outro CD ou DVD simples \u00e0 sua escolha *Ao finalizar sua compra informe no campo NOTA DO PEDIDO o nome do CD ou DVD escolhido.","og_url":"https:\/\/trioquintina.com.br\/en\/product\/livrocd-zed\/","og_site_name":"Trio Quintina Oficial","article_modified_time":"2021-04-07T21:28:44+00:00","og_image":[{"width":1161,"height":1289,"url":"https:\/\/trioquintina.com.br\/wp-content\/uploads\/2021\/02\/ZED-Estudos-Musicais_capa-aberta-2-1-1.jpg","type":"image\/jpeg"}],"twitter_card":"summary_large_image","twitter_misc":{"Est. reading time":"2 minutes"},"schema":{"@context":"https:\/\/schema.org","@graph":[{"@type":"WebPage","@id":"https:\/\/trioquintina.com.br\/produto\/livrocd-zed\/","url":"https:\/\/trioquintina.com.br\/produto\/livrocd-zed\/","name":"LIVRO\/CD\/HQ - ZED \u2013 Estudos Musicais - Trio Quintina Oficial","isPartOf":{"@id":"https:\/\/trioquintina.com.br\/#website"},"primaryImageOfPage":{"@id":"https:\/\/trioquintina.com.br\/produto\/livrocd-zed\/#primaryimage"},"image":{"@id":"https:\/\/trioquintina.com.br\/produto\/livrocd-zed\/#primaryimage"},"thumbnailUrl":"https:\/\/trioquintina.com.br\/wp-content\/uploads\/2021\/02\/ZED-Estudos-Musicais_capa-aberta-2-1-1.jpg","datePublished":"2021-02-17T16:34:48+00:00","dateModified":"2021-04-07T21:28:44+00:00","breadcrumb":{"@id":"https:\/\/trioquintina.com.br\/produto\/livrocd-zed\/#breadcrumb"},"inLanguage":"en-US","potentialAction":[{"@type":"ReadAction","target":["https:\/\/trioquintina.com.br\/produto\/livrocd-zed\/"]}]},{"@type":"ImageObject","inLanguage":"en-US","@id":"https:\/\/trioquintina.com.br\/produto\/livrocd-zed\/#primaryimage","url":"https:\/\/trioquintina.com.br\/wp-content\/uploads\/2021\/02\/ZED-Estudos-Musicais_capa-aberta-2-1-1.jpg","contentUrl":"https:\/\/trioquintina.com.br\/wp-content\/uploads\/2021\/02\/ZED-Estudos-Musicais_capa-aberta-2-1-1.jpg","width":1161,"height":1289},{"@type":"BreadcrumbList","@id":"https:\/\/trioquintina.com.br\/produto\/livrocd-zed\/#breadcrumb","itemListElement":[{"@type":"ListItem","position":1,"name":"In\u00edcio","item":"https:\/\/trioquintina.com.br\/"},{"@type":"ListItem","position":2,"name":"Loja","item":"https:\/\/trioquintina.com.br\/loja\/"},{"@type":"ListItem","position":3,"name":"LIVRO\/CD\/HQ &#8211; ZED \u2013 Estudos Musicais"}]},{"@type":"WebSite","@id":"https:\/\/trioquintina.com.br\/#website","url":"https:\/\/trioquintina.com.br\/","name":"Trio Quintina Oficial","description":"","potentialAction":[{"@type":"SearchAction","target":{"@type":"EntryPoint","urlTemplate":"https:\/\/trioquintina.com.br\/?s={search_term_string}"},"query-input":{"@type":"PropertyValueSpecification","valueRequired":true,"valueName":"search_term_string"}}],"inLanguage":"en-US"}]}},"_links":{"self":[{"href":"https:\/\/trioquintina.com.br\/en\/wp-json\/wp\/v2\/product\/530","targetHints":{"allow":["GET"]}}],"collection":[{"href":"https:\/\/trioquintina.com.br\/en\/wp-json\/wp\/v2\/product"}],"about":[{"href":"https:\/\/trioquintina.com.br\/en\/wp-json\/wp\/v2\/types\/product"}],"wp:featuredmedia":[{"embeddable":true,"href":"https:\/\/trioquintina.com.br\/en\/wp-json\/wp\/v2\/media\/1078"}],"wp:attachment":[{"href":"https:\/\/trioquintina.com.br\/en\/wp-json\/wp\/v2\/media?parent=530"}],"wp:term":[{"taxonomy":"product_brand","embeddable":true,"href":"https:\/\/trioquintina.com.br\/en\/wp-json\/wp\/v2\/product_brand?post=530"},{"taxonomy":"product_cat","embeddable":true,"href":"https:\/\/trioquintina.com.br\/en\/wp-json\/wp\/v2\/product_cat?post=530"},{"taxonomy":"product_tag","embeddable":true,"href":"https:\/\/trioquintina.com.br\/en\/wp-json\/wp\/v2\/product_tag?post=530"}],"curies":[{"name":"wp","href":"https:\/\/api.w.org\/{rel}","templated":true}]}}